{"id":328,"date":"2024-02-13T16:08:48","date_gmt":"2024-02-13T15:08:48","guid":{"rendered":"https:\/\/stoic-cerf.217-160-227-206.plesk.page\/napoli\/avis-legal-i-politica-de-privacitat\/"},"modified":"2024-02-26T14:52:42","modified_gmt":"2024-02-26T13:52:42","slug":"avis-legal-i-politica-de-privacitat","status":"publish","type":"page","link":"https:\/\/napolilasensacio.com\/es\/avis-legal-i-politica-de-privacitat\/","title":{"rendered":"Aviso legal y pol\u00edtica de privacidad"},"content":{"rendered":"\t\t<div data-elementor-type=\"wp-page\" data-elementor-id=\"328\" class=\"elementor elementor-328 elementor-224\" data-elementor-post-type=\"page\">\n\t\t\t\t<div class=\"elementor-element elementor-element-a19b09a e-flex e-con-boxed e-con e-parent\" data-id=\"a19b09a\" data-element_type=\"container\" data-e-type=\"container\">\n\t\t\t\t\t<div class=\"e-con-inner\">\n\t\t\t\t<div class=\"elementor-element elementor-element-49300e7 elementor-widget elementor-widget-spacer\" data-id=\"49300e7\" data-element_type=\"widget\" data-e-type=\"widget\" data-widget_type=\"spacer.default\">\n\t\t\t\t<div class=\"elementor-widget-container\">\n\t\t\t\t\t\t\t<div class=\"elementor-spacer\">\n\t\t\t<div class=\"elementor-spacer-inner\"><\/div>\n\t\t<\/div>\n\t\t\t\t\t\t<\/div>\n\t\t\t\t<\/div>\n\t\t\t\t<div class=\"elementor-element elementor-element-9404820 elementor-widget elementor-widget-spacer\" data-id=\"9404820\" data-element_type=\"widget\" data-e-type=\"widget\" data-widget_type=\"spacer.default\">\n\t\t\t\t<div class=\"elementor-widget-container\">\n\t\t\t\t\t\t\t<div class=\"elementor-spacer\">\n\t\t\t<div class=\"elementor-spacer-inner\"><\/div>\n\t\t<\/div>\n\t\t\t\t\t\t<\/div>\n\t\t\t\t<\/div>\n\t\t\t\t<div class=\"elementor-element elementor-element-04825a2 elementor-widget elementor-widget-heading\" data-id=\"04825a2\" data-element_type=\"widget\" data-e-type=\"widget\" data-widget_type=\"heading.default\">\n\t\t\t\t<div class=\"elementor-widget-container\">\n\t\t\t\t\t<h2 class=\"elementor-heading-title elementor-size-default\">AVISO LEGAL Y POL\u00cdTICA DE PRIVACIDAD<\/h2>\t\t\t\t<\/div>\n\t\t\t\t<\/div>\n\t\t\t\t<div class=\"elementor-element elementor-element-cb56ef9 elementor-widget elementor-widget-text-editor\" data-id=\"cb56ef9\" data-element_type=\"widget\" data-e-type=\"widget\" data-widget_type=\"text-editor.default\">\n\t\t\t\t<div class=\"elementor-widget-container\">\n\t\t\t\t\t\t\t\t\t<p>Con el fin de dar cumplimiento a lo articulo 10 de la Ley 34\/2002 de Servicios de la Sociedad de la Informaci\u00f3n y E-commerce, informamos el usuario de nuestros datos:<\/p><p>Denominaci\u00f3n Social: SERENA PARETS<br \/>Nombre Comercial: NAPOLI LA SENSACI\u00d3N LLEIDA<br \/>Domicilio Social: ESPERANZA GONZALEZ N\u00ba3 &#8211; 25001 &#8211; LLEIDA &#8211; LLEIDA<br \/>CIF \/ NIF: B25395740<br \/>Tel\u00e9fono: 973200808<br \/>e-mail: info@napolilasensacio.com<br \/>P\u00e1gina Web: napolilasensacio.com<\/p><p><strong>Objeto<\/strong><\/p><p>El prestamista, responsable del sitio web, pose a disposici\u00f3n de los usuarios el presente documento con el cual pretende dar cumplimiento a las obligaciones dispuestas en la Ley 34\/2002, de Servicios de la Sociedad de la Informaci\u00f3n y del E-commerce (LSSI-CE), as\u00ed como informar a todos los usuarios del sitio web respecto a cu\u00e1les son las condiciones de uso del sitio web.<\/p><p>Toda persona que acceda a este sitio web asume el papel de usuario, comprometi\u00e9ndose a la observancia y cumplimiento riguroso de las disposiciones aqu\u00ed dispuestas, as\u00ed como a cualesquier otra disposici\u00f3n legal que fuera aplicable.<\/p><p>El prestamista se reserva el derecho a modificar cualquier tipo de informaci\u00f3n que pudiera aparecer en el sitio web, sin que exista obligaci\u00f3n de preavisar o poner en conocimiento de los usuarios estas obligaciones, entendi\u00e9ndose como suficiente con la publicaci\u00f3n en el sitio web del prestamista.<\/p><p><strong>Responsabilidad<\/strong><\/p><p>El prestamista se exime de cualquier tipo de responsabilidad derivada de la informaci\u00f3n publicada en su sitio web, siempre que esta informaci\u00f3n haya sido manipulada o introducida por un tercero ajeno a este.<\/p><p>El sitio web del prestamista puede utilizar cookies (peque\u00f1os archivos de informaci\u00f3n que el servidor env\u00eda al ordenador de quien accede en la p\u00e1gina) para llevar a cabo determinadas funciones que son consideradas imprescindibles para el correcto funcionamiento y visualizaci\u00f3n del lugar. Las cookies utilizadas en el sitio web tienen, en todo caso, car\u00e1cter temporal con la \u00fanica finalidad de hacer m\u00e1s eficaz su transmisi\u00f3n ulterior y desaparecen al acabar la sesi\u00f3n del usuario. En ning\u00fan caso se utilizar\u00e1n las cookies para recoger informaci\u00f3n de car\u00e1cter personal.<\/p><p>Desde el sitio web del cliente es posible que se redirija a contenidos de terceros sitios web. Dado que el prestamista no puede controlar siempre los contenidos introducidos por los terceros en sus sitios web, este no asume ning\u00fan tipo de responsabilidad respecto a estos contenidos. En todo caso, el prestamista manifiesta que proceder\u00e1 a la retirada inmediata de cualquier contenido que pudiera contravenir la legislaci\u00f3n nacional o internacional, la moral o el orden p\u00fablico, procediendo a la retirada inmediata de la redirecci\u00f3n a este sitio web, poniendo en conocimiento de las autoridades competentes el contenido en cuesti\u00f3n.<\/p><p>El prestamista no se hace responsable de la informaci\u00f3n y contenidos almacenados, a t\u00edtulo enunciativo pero no limitativo, en foros, chat\u00b4s, generadores de blogs, comentarios, redes sociales o cualesquiera otro medio que permita a terceros publicar contenidos de manera independiente en la p\u00e1gina web del prestamista. Sin embargo y en cumplimiento del que se dispone en el arte. 11 y 16 de la LSSI-CE, el prestamista se pone a disposici\u00f3n de todos los usuarios, autoridades y fuerzas de seguridad, y colaborando de manera activa en la retirada o en su caso bloqueo de todos aquellos contenidos que pudieran afectar o contravenir la legislaci\u00f3n nacional, o internacional, derechos de terceros o la moral y el orden p\u00fablico. En caso de que el usuario considere que existe en el sitio web alg\u00fan contenido que pudiera ser susceptible de esta clasificaci\u00f3n, se ruega lo notifique de manera inmediata al administrador del sitio web.<\/p><p>Este sitio web ha sido revisado y probado para que funcione correctamente. En principio, puede garantizarse el correcto funcionamiento los 365 d\u00edas del a\u00f1o, 24 horas en el d\u00eda. Sin embargo, el prestamista no descarta la posibilidad que existan ciertos errores de programaci\u00f3n, o que acontezcan causas de fuerza mayor, cat\u00e1strofes naturales, vagos, o circunstancias parecidas que hagan imposible el acceso a la p\u00e1gina web.<\/p><p><strong>Protecci\u00f3n de datos personales<\/strong><\/p><p>El prestamista se encuentra profundamente comprometido con el cumplimiento de la normativa espa\u00f1ola de protecci\u00f3n de datos de car\u00e1cter personal, y garantiza el cumplimiento \u00edntegro de las obligaciones dispuestas, as\u00ed como la implementaci\u00f3n de las medidas de seguridad dispuestas en el arte. 9 de la Ley 15\/1999, de Protecci\u00f3n de Datos de Car\u00e1cter Personal (LOPD) y en el Reglamento de Desarrollo de la LOPD.<\/p><p>El prestamista pone a disposici\u00f3n de los usuarios la POLITICA DE PRIVACIDAD informando los usuarios respecto a los siguientes aspectos:<\/p><p>Datos del Responsable del tratamiento.<br \/>Datos tratados.<br \/>Fichero en el cual se almacenan.<br \/>Finalidad del tratamiento.<br \/>Obligatoriedad o no de facilitarlos, as\u00ed como las consecuencias en caso de no facilitarlos.<br \/>Sobre los derechos que asisten a todo usuario y el procedimiento para ejercitarlos.<br \/>Propiedad Intelectual e industrial<\/p><p>El sitio web, incluyendo t\u00edtulo enunciativo pero no limitativo su programaci\u00f3n, edici\u00f3n, compilaci\u00f3n y otros elementos necesarios para su funcionamiento, los dise\u00f1os, logotipos, texto y\/o gr\u00e1ficos son propiedad del prestamista o en su caso dispone de licencia o autorizaci\u00f3n expr\u00e9s por parte de los autores. Todos los contenidos del sitio web se encuentran debidamente protegidos por la normativa de propiedad intelectual e industrial, as\u00ed como inscritos en los registros p\u00fablicos correspondientes.<\/p><p>Independientemente de la finalidad para la cual fueran destinados, la reproducci\u00f3n total o parcial, uso, explotaci\u00f3n, distribuci\u00f3n y comercializaci\u00f3n, requiere en todo caso de la autorizaci\u00f3n escrita previa por parte del prestamista. Cualquier uso no autorizado previamente por parte del prestamista ser\u00e1 considerado un incumplimiento grave de los derechos de propiedad intelectual o industrial del autor.<\/p><p>Los dise\u00f1os, logotipos, texto y\/o gr\u00e1ficos ajenos al prestamista y que pudieran aparecer en el sitio web, pertenecen a sus respectivos propietarios, siente ellos mismos responsables de cualquier posible controversia que pudiera suscitarse respecto a estos. En todo caso, el prestamista cuenta con la autorizaci\u00f3n expr\u00e9s y previa por parte de estos.<\/p><p>El prestamista NO AUTORIZA expresamente al hecho que terceros puedan redirigir directamente a los contenidos concretos del sitio web, debiendo en todo caso redirigir al sitio web principal del prestamista.<\/p><p>El prestamista reconoce a favor de sus titulares los correspondientes derechos de propiedad industrial e intelectual, no implicando su sola menci\u00f3n o aparici\u00f3n en el sitio web la existencia de derechos o ninguna responsabilidad del prestamista sobre estos, como tampoco apoyo, patrocinio o recomendaci\u00f3n por parte de este.<\/p><p>Para realizar cualquier tipo de observaci\u00f3n respecto a posibles incumplimientos de los derechos de propiedad intelectual o industrial, as\u00ed como sobre cualquier de los contenidos del sitio web, puede hacerlo a trav\u00e9s del siguiente correo electr\u00f3nico.<\/p><p><strong>Ley Aplicable y Jurisdicci\u00f3n<\/strong><\/p><p>Para la resoluci\u00f3n de todas las controversias o cuestiones relacionadas con el presente sitio web o de las actividades en \u00e9l desarrolladas, ser\u00e1 aplicable la legislaci\u00f3n espa\u00f1ola, a la cual se someten expresamente las partes, siente competentes para la resoluci\u00f3n de todos los conflictos derivados o relacionados con su uso los Juzgados y Tribunales de LLEIDA &#8211; LLEIDA<\/p><p>SERENA PARETS (Napoli La Sensaci\u00f3n) se compromete a no permitir ninguna transacci\u00f3n que sea ilegal, o se considere por las marcas de tarjetas de cr\u00e9dito o el banco adquirente, que pueda o tenga el potencial de da\u00f1ar la buena voluntad de los mismos o influir de manera negativa en ellos. Las siguientes actividades est\u00e1n prohibidas en virtud de los programas de las marcas de tarjetas: la venta u oferta de un producto o servicio que no sea de plena conformidad con todas las leyes aplicables al Comprador, Banco Emisor, Comerciante, Titular de la tarjeta, o tarjetas.<br \/>Adem\u00e1s, las siguientes actividades tambi\u00e9n est\u00e1n prohibidas expl\u00edcitamente:<\/p><p>\u00abVenta de bebidas alcoh\u00f3licas a menores de 18 a\u00f1os\u00bb<\/p>\t\t\t\t\t\t\t\t<\/div>\n\t\t\t\t<\/div>\n\t\t\t\t<div class=\"elementor-element elementor-element-91c28fd elementor-widget elementor-widget-spacer\" data-id=\"91c28fd\" data-element_type=\"widget\" data-e-type=\"widget\" data-widget_type=\"spacer.default\">\n\t\t\t\t<div class=\"elementor-widget-container\">\n\t\t\t\t\t\t\t<div class=\"elementor-spacer\">\n\t\t\t<div class=\"elementor-spacer-inner\"><\/div>\n\t\t<\/div>\n\t\t\t\t\t\t<\/div>\n\t\t\t\t<\/div>\n\t\t\t\t\t<\/div>\n\t\t\t\t<\/div>\n\t\t\t\t<\/div>\n\t\t","protected":false},"excerpt":{"rendered":"<p>AVISO LEGAL Y POL\u00cdTICA DE PRIVACIDAD Con el fin de dar cumplimiento a lo articulo 10 de la Ley 34\/2002 de Servicios de la Sociedad de la Informaci\u00f3n y E-commerce, informamos el usuario de nuestros datos: Denominaci\u00f3n Social: SERENA PARETSNombre Comercial: NAPOLI LA SENSACI\u00d3N LLEIDADomicilio Social: ESPERANZA GONZALEZ N\u00ba3 &#8211; 25001 &#8211; LLEIDA &#8211; LLEIDACIF [&hellip;]<\/p>\n","protected":false},"author":1,"featured_media":0,"parent":0,"menu_order":0,"comment_status":"closed","ping_status":"closed","template":"elementor_header_footer","meta":{"footnotes":""},"class_list":["post-328","page","type-page","status-publish","hentry"],"_links":{"self":[{"href":"https:\/\/napolilasensacio.com\/es\/wp-json\/wp\/v2\/pages\/328","targetHints":{"allow":["GET"]}}],"collection":[{"href":"https:\/\/napolilasensacio.com\/es\/wp-json\/wp\/v2\/pages"}],"about":[{"href":"https:\/\/napolilasensacio.com\/es\/wp-json\/wp\/v2\/types\/page"}],"author":[{"embeddable":true,"href":"https:\/\/napolilasensacio.com\/es\/wp-json\/wp\/v2\/users\/1"}],"replies":[{"embeddable":true,"href":"https:\/\/napolilasensacio.com\/es\/wp-json\/wp\/v2\/comments?post=328"}],"version-history":[{"count":10,"href":"https:\/\/napolilasensacio.com\/es\/wp-json\/wp\/v2\/pages\/328\/revisions"}],"predecessor-version":[{"id":338,"href":"https:\/\/napolilasensacio.com\/es\/wp-json\/wp\/v2\/pages\/328\/revisions\/338"}],"wp:attachment":[{"href":"https:\/\/napolilasensacio.com\/es\/wp-json\/wp\/v2\/media?parent=328"}],"curies":[{"name":"wp","href":"https:\/\/api.w.org\/{rel}","templated":true}]}}